{"id":41,"date":"2010-11-25T16:49:27","date_gmt":"2010-11-25T15:49:27","guid":{"rendered":"http:\/\/schager.servus.at\/?page_id=41"},"modified":"2019-06-10T20:25:05","modified_gmt":"2019-06-10T18:25:05","slug":"film-video","status":"publish","type":"page","link":"https:\/\/schager.servus.at\/?page_id=41","title":{"rendered":"Film- + Videovorf\u00fchrungen"},"content":{"rendered":"<p><a href=\"http:\/\/schager.servus.at\/wp-content\/uploads\/2010\/11\/310598e1.gif\" rel=\"lightbox[41]\"><img loading=\"lazy\" decoding=\"async\" class=\"size-full wp-image-234 alignleft\" title=\"310598e\" src=\"http:\/\/schager.servus.at\/wp-content\/uploads\/2010\/11\/310598e1.gif\" alt=\"\" width=\"86\" height=\"65\" \/><\/a><\/p>\n<h2>Herbert Schager auf <a href=\"http:\/\/www.youtube.com\/maikel100152\" target=\"_blank\" rel=\"noopener noreferrer\">YouTube<\/a><\/h2>\n<h3>FILMVORF\u00dcHRUNGEN bzw. FILMBETEILIGUNGEN (seit 1980):<\/h3>\n<p>Super-8-lebt, Wien, Berlin, New York<br \/>\nKino Camera, Tacheles, Berlin<br \/>\nContained, V\u00f6est-Gel\u00e4nde Linz, A<br \/>\nMoviemento Linz, A<br \/>\nNeue Galerie der Stadt Linz, A<br \/>\nM\u00fccsarnok-Palace of Exhibitions Budapest, H<br \/>\nAktionsgemeinschaft Wu Wien, A<br \/>\n\u00d6sterreichische Filmtage Wels, A 1984\/85\/86<br \/>\n\u00d6sterreichisches Filmmuseum Wien, A<br \/>\nArs Electronica Linz 1984, A<br \/>\nMetropol Wien, A<br \/>\nGalerie Maerz Linz, A *<br \/>\n\u00dcber Nacht ber\u00fchmt Stuttgart, D<br \/>\nHochschule f\u00fcr Gestaltung Linz, A<br \/>\nForum Stadtpark Graz, A<br \/>\nWerkschau Super 8 Innsbruck, A<br \/>\nCollective for Living Cinema New York, USA<br \/>\nStadtkino Wien, A *<br \/>\nAmerlinghaus Wien, A<br \/>\nStadtwerkstatt Linz, A *<br \/>\nDas Andere Kino Linz, A *<\/p>\n<p><em>* mehrmalige Vorf\u00fchrungen<\/em><\/p>\n<h3>VIDEOVORF\u00dcHRUNGEN bzw. -BETEILIGUNGEN:<\/h3>\n<p>Finissage Herbert Schager im Strandgut Linz, 2019<br \/>\nGalerie in der Schmiede (mit Felix Schager), Pasching\/Linz, 2016<br \/>\nCafe Aquarium (mit Felix Schager) Linz, 2010<a href=\"http:\/\/matrix.servus.at\/\" target=\"_blank\" rel=\"noopener noreferrer\"><br \/>\n<\/a>Nah-Sehen \/ Fern-Sehen, Kunstuniversit\u00e4t Linz, 2008<a href=\"http:\/\/underdogfilmfest.org\/2008\/\" target=\"_blank\" rel=\"noopener noreferrer\"><br \/>\nUnderdogfilmfest<\/a>, Wien, 2008<a href=\"http:\/\/www.diagonale.at\/\" target=\"_blank\" rel=\"noopener noreferrer\"><br \/>\nDiagonale<\/a>, Festival des \u00f6sterreichischen Films, Graz, 2007<a href=\"http:\/\/www.fragmentedreassembled.at\/\" target=\"_blank\" rel=\"noopener noreferrer\"><br \/>\n<\/a>fragmented reassembled, Video im Urbanen Raum, Linz, 2007<a href=\"http:\/\/www.underdogfilmfest.org\/2006\/\" target=\"_blank\" rel=\"noopener noreferrer\"><br \/>\nUnderdogfilmfest<\/a>, Wien, 2006<br \/>\nKapu Linz, Googolplexx 3000, S(CH)ICHTEN III [Super-8-Filme + Videos) 2004<br \/>\nLandesgalerie, Landesmuseum Linz, A 1995<br \/>\nInfografia `94, Museo de Bellas Artes, Bilbao, Spanien 1994<br \/>\n&#8222;Blicknick&#8220;, Linzer Schlo\u00df, A 1994<br \/>\nGround 0, Offenes Kulturhaus Linz (Videoedition), A 1993<br \/>\nDiagonale &#8217;93, Salzburg (Festival des \u00f6sterreichischen Films), A 1993<br \/>\nCochabamba (Portales Palace, Univalle; Kath. Univers.), Bolivia 1993<br \/>\nKanal Schwertberg, A 1992<br \/>\nBach Wien, A 1992<br \/>\nAudio Visueel Experimenteel Arnhem, NL 1990<br \/>\nLinzkunst Kunstlinz, A 1990<br \/>\nQuerspur Linz, A 1990<br \/>\nCentre Culturel Jaques Franck Br\u00fcssel, B 1989<br \/>\n\u00d6sterreichische Filmtage Wels, A 1989<\/p>\n<h3>ENVIRONMENTS F\u00dcR FILM, MUSIK + VIDEOS:<\/h3>\n<p>KINOMONTAG (Beteiligung, Stadwerkstatt Linz), 2002<a href=\"http:\/\/www.servus.at\/sonne\/sonne.html\" target=\"_blank\" rel=\"noopener noreferrer\"><br \/>\n<\/a>&#8222;1. April 2000&#8220;, remix von Herbert Schager\/Kurt Holzinger, Stadwerkstatt Linz, 2000<br \/>\nDJ &#8211; Andy Warhol Night, Neue Galerie Linz, 1999<br \/>\nKino Camera Berlin (mit Andreas Feichtner + Hans Peter Falkner), 1995<a title=\"Permalink zu \u201cS(ch)ichten\u201d (Moved Monday)\" href=\"..\/?p=5233\" rel=\"bookmark\"><br \/>\n<\/a>\u201cS(ch)ichten\u201d (Moved Monday), B.A.C.H. Wien<br \/>\nPosthof Linz, 1985<br \/>\nStadtwerkstatt Linz, 1984\/1988<\/p>\n","protected":false},"excerpt":{"rendered":"<p>Herbert Schager auf YouTube FILMVORF\u00dcHRUNGEN bzw. FILMBETEILIGUNGEN (seit 1980): Super-8-lebt, Wien, Berlin, New York Kino Camera, Tacheles, Berlin Contained, V\u00f6est-Gel\u00e4nde Linz, A Moviemento Linz, A Neue Galerie der Stadt Linz, A M\u00fccsarnok-Palace of Exhibitions Budapest, H Aktionsgemeinschaft Wu Wien, A \u00d6sterreichische Filmtage Wels, A 1984\/85\/86 \u00d6sterreichisches Filmmuseum Wien, A Ars Electronica Linz 1984, A Metropol &hellip; <\/p>\n<p class=\"link-more\"><a href=\"https:\/\/schager.servus.at\/?page_id=41\" class=\"more-link\"><span class=\"screen-reader-text\">\u201eFilm- + Videovorf\u00fchrungen\u201c <\/span>weiterlesen<\/a><\/p>\n","protected":false},"author":7625,"featured_media":0,"parent":0,"menu_order":0,"comment_status":"closed","ping_status":"closed","template":"","meta":{"footnotes":""},"class_list":["post-41","page","type-page","status-publish","hentry"],"_links":{"self":[{"href":"https:\/\/schager.servus.at\/index.php?rest_route=\/wp\/v2\/pages\/41","targetHints":{"allow":["GET"]}}],"collection":[{"href":"https:\/\/schager.servus.at\/index.php?rest_route=\/wp\/v2\/pages"}],"about":[{"href":"https:\/\/schager.servus.at\/index.php?rest_route=\/wp\/v2\/types\/page"}],"author":[{"embeddable":true,"href":"https:\/\/schager.servus.at\/index.php?rest_route=\/wp\/v2\/users\/7625"}],"replies":[{"embeddable":true,"href":"https:\/\/schager.servus.at\/index.php?rest_route=%2Fwp%2Fv2%2Fcomments&post=41"}],"version-history":[{"count":5,"href":"https:\/\/schager.servus.at\/index.php?rest_route=\/wp\/v2\/pages\/41\/revisions"}],"predecessor-version":[{"id":14127,"href":"https:\/\/schager.servus.at\/index.php?rest_route=\/wp\/v2\/pages\/41\/revisions\/14127"}],"wp:attachment":[{"href":"https:\/\/schager.servus.at\/index.php?rest_route=%2Fwp%2Fv2%2Fmedia&parent=41"}],"curies":[{"name":"wp","href":"https:\/\/api.w.org\/{rel}","templated":true}]}}