{"id":13626,"date":"2018-06-13T21:25:44","date_gmt":"2018-06-13T19:25:44","guid":{"rendered":"http:\/\/schager.servus.at\/?page_id=13626"},"modified":"2020-02-10T15:18:57","modified_gmt":"2020-02-10T14:18:57","slug":"datenschutzerklaerung","status":"publish","type":"page","link":"https:\/\/schager.servus.at\/?page_id=13626","title":{"rendered":"Datenschutzerkl\u00e4rung"},"content":{"rendered":"<h2>Wer ich bin<\/h2>\n<p>Die Adresse meiner Website ist: https:\/\/schager.servus.at.<\/p>\n<h2>Welche personenbezogenen Daten ich sammle und warum ich sie sammle<\/h2>\n<h3>Kommentare<\/h3>\n<p>Wenn Besucher Kommentare auf der Website schreiben, sammle ich die Daten, die im Kommentar-Formular angezeigt werden, au\u00dferdem die IP-Adresse des Besuchers und den User-Agent-String (damit wird der Browser identifiziert), um die Erkennung von Spam zu unterst\u00fctzen.<\/p>\n<p>Aus ihrer E-Mail-Adresse kann eine anonymisierte Zeichenfolge erstellt (auch Hash genannt) und dem Gravatar-Dienst \u00fcbergeben werden, um zu pr\u00fcfen, ob sie diesen benutzen. Die Datenschutzerkl\u00e4rung des Gravatar-Dienstes finden sie hier: https:\/\/automattic.com\/privacy\/. Nachdem ihr Kommentar freigegeben wurde, ist ihr Profilbild \u00f6ffentlich im Kontext ihres Kommentars sichtbar.<\/p>\n<h3>Cookies<\/h3>\n<p>Wenn sie einen Kommentar auf meiner Website schreiben, kann das eine Einwilligung sein, ihren Namen, E-Mail-Adresse und Website in Cookies zu speichern. Dies ist eine Komfortfunktion, damit sie nicht, wenn sie einen weiteren Kommentar schreiben, all diese Daten erneut eingeben m\u00fcssen. Diese Cookies werden ein Jahr lang gespeichert.<\/p>\n<p>Falls sie ein Konto haben und sich auf dieser Website anmelden, werde ich ein tempor\u00e4res Cookie setzen, um festzustellen, ob ihr Browser Cookies akzeptiert. Dieses Cookie enth\u00e4lt keine personenbezogenen Daten und wird verworfen, wenn sie ihren Browser schlie\u00dfen.<\/p>\n<p>Wenn sie sich anmelden, werde ich einige Cookies einrichten, um ihre Anmeldeinformationen und Anzeigeoptionen zu speichern. Anmelde-Cookies verfallen nach zwei Tagen und Cookies f\u00fcr die Anzeigeoptionen nach einem Jahr. Falls sie bei der Anmeldung \u201eAngemeldet bleiben\u201c ausw\u00e4hlen, wird ihre Anmeldung zwei Wochen lang aufrechterhalten. Mit der Abmeldung aus ihrem Konto werden die Anmelde-Cookies gel\u00f6scht.<\/p>\n<p>Wenn sie einen Artikel bearbeiten oder ver\u00f6ffentlichen, wird ein zus\u00e4tzlicher Cookie in ihrem Browser gespeichert. Dieser Cookie enth\u00e4lt keine personenbezogenen Daten und verweist nur auf die Beitrags-ID des Artikels, den sie gerade bearbeitet haben. Der Cookie verf\u00e4llt nach einem Tag.<\/p>\n<h3>Eingebettete Inhalte von anderen Websites<\/h3>\n<p>Beitr\u00e4ge auf dieser Website k\u00f6nnen eingebettete Inhalte beinhalten (z.\u00a0B. Videos, Bilder, Beitr\u00e4ge etc.). Eingebettete Inhalte von anderen Websites verhalten sich exakt so, als ob der Besucher die andere Website besucht h\u00e4tte.<\/p>\n<p>Diese Websites k\u00f6nnen Daten \u00fcber sie sammeln, Cookies benutzen, zus\u00e4tzliche Tracking-Dienste von Dritten einbetten und ihre Interaktion mit diesem eingebetteten Inhalt aufzeichnen, inklusive ihrer Interaktion mit dem eingebetteten Inhalt, falls sie ein Konto haben und auf dieser Website angemeldet sind.<\/p>\n<h3 id=\"youtube\">YouTube<\/h3>\n<p>Ich binde auf meinen Seiten Videos ein, die auf der Plattform YouTube abrufbar sind (Embedded Content). Es handelt sich bei YouTube um einen Dienst der YouTube LLC, einer Tochter von Google Inc. Es gelten die\u00a0<a href=\"https:\/\/www.google.de\/privacy.html\" target=\"_blank\" rel=\"noopener noreferrer\">Datenschutzbestimmungen von Google<\/a>.<\/p>\n<p>Eine Zuordnung von Informationen zu ihrer Person ist jedoch m\u00f6glich, wenn sie bei YouTube oder einem anderen Dienst von Google angemeldet sind. Wenn sie dies nicht w\u00fcnschen, melden Sie sich bitte von Ihrem Google-Konto ab, bevor Sie ein eingebundenes Video zum Abspielen anklicken.<\/p>\n<h3 id=\"server-logfiles\">Server-Logfiles<\/h3>\n<p>Bei jedem Seitenaufruf der Website werden Browser-Informationen der Besucher automatisch an mich weitergeleitet. Dazu geh\u00f6ren Angaben zu Browser-Typ, Betriebssystem, IP-Adresse, Uhrzeit und zuvor besuchte Seiten (Referrer). Diese Daten werden nicht bestimmten Personen zugeordnet. Die Logfiles werden statistisch ausgewertet und helfen den fehlerfreien Betrieb der Seiten sicherzustellen.<\/p>\n<h3 id=\"heading_Ihre_Rechte\">Ihre Rechte<\/h3>\n<p>Ihnen stehen grunds\u00e4tzlich die Rechte auf Auskunft, Berichtigung, L\u00f6schung, Einschr\u00e4nkung, Daten\u00fcbertragbarkeit, Widerruf und Widerspruch zu. Wenn Sie glauben, dass die Verarbeitung Ihrer Daten gegen das Datenschutzrecht verst\u00f6\u00dft oder Ihre datenschutzrechtlichen Anspr\u00fcche sonst in einer Weise verletzt worden sind, k\u00f6nnen Sie sich bei der Aufsichtsbeh\u00f6rde beschweren. In \u00d6sterreich ist dies die Datenschutzbeh\u00f6rde.<\/p>\n<h3 id=\"heading_Sie_erreichen_uns_unter_folgenden_Kontaktdaten_\">Sie erreichen mich unter folgenden Kontaktdaten:<br \/>Email: <a href=\"mailto:h.schager@liwest.at\">h.schager@liwest.at<\/a><\/h3>\n\n\n<p><\/p>\n","protected":false},"excerpt":{"rendered":"<p>Wer ich bin Die Adresse meiner Website ist: https:\/\/schager.servus.at. Welche personenbezogenen Daten ich sammle und warum ich sie sammle Kommentare Wenn Besucher Kommentare auf der Website schreiben, sammle ich die Daten, die im Kommentar-Formular angezeigt werden, au\u00dferdem die IP-Adresse des Besuchers und den User-Agent-String (damit wird der Browser identifiziert), um die Erkennung von Spam zu &hellip; <\/p>\n<p class=\"link-more\"><a href=\"https:\/\/schager.servus.at\/?page_id=13626\" class=\"more-link\"><span class=\"screen-reader-text\">\u201eDatenschutzerkl\u00e4rung\u201c <\/span>weiterlesen<\/a><\/p>\n","protected":false},"author":7625,"featured_media":0,"parent":0,"menu_order":3,"comment_status":"closed","ping_status":"closed","template":"","meta":{"footnotes":""},"class_list":["post-13626","page","type-page","status-publish","hentry"],"_links":{"self":[{"href":"https:\/\/schager.servus.at\/index.php?rest_route=\/wp\/v2\/pages\/13626","targetHints":{"allow":["GET"]}}],"collection":[{"href":"https:\/\/schager.servus.at\/index.php?rest_route=\/wp\/v2\/pages"}],"about":[{"href":"https:\/\/schager.servus.at\/index.php?rest_route=\/wp\/v2\/types\/page"}],"author":[{"embeddable":true,"href":"https:\/\/schager.servus.at\/index.php?rest_route=\/wp\/v2\/users\/7625"}],"replies":[{"embeddable":true,"href":"https:\/\/schager.servus.at\/index.php?rest_route=%2Fwp%2Fv2%2Fcomments&post=13626"}],"version-history":[{"count":9,"href":"https:\/\/schager.servus.at\/index.php?rest_route=\/wp\/v2\/pages\/13626\/revisions"}],"predecessor-version":[{"id":14637,"href":"https:\/\/schager.servus.at\/index.php?rest_route=\/wp\/v2\/pages\/13626\/revisions\/14637"}],"wp:attachment":[{"href":"https:\/\/schager.servus.at\/index.php?rest_route=%2Fwp%2Fv2%2Fmedia&parent=13626"}],"curies":[{"name":"wp","href":"https:\/\/api.w.org\/{rel}","templated":true}]}}