{"id":10590,"date":"2014-05-12T15:28:50","date_gmt":"2014-05-12T13:28:50","guid":{"rendered":"http:\/\/schager.servus.at\/?page_id=10590"},"modified":"2026-01-04T13:09:37","modified_gmt":"2026-01-04T12:09:37","slug":"popspione","status":"publish","type":"page","link":"https:\/\/schager.servus.at\/?page_id=10590","title":{"rendered":"Popspione"},"content":{"rendered":"<div class=\"wp-block-image\">\n<figure class=\"alignleft\"><a href=\"http:\/\/schager.servus.at\/wp-content\/uploads\/popspione.jpg\" rel=\"lightbox[10590]\"><img loading=\"lazy\" decoding=\"async\" width=\"940\" height=\"198\" src=\"http:\/\/schager.servus.at\/wp-content\/uploads\/popspione.jpg\" alt=\"popspione\" class=\"wp-image-10517\" srcset=\"https:\/\/schager.servus.at\/wp-content\/uploads\/popspione.jpg 940w, https:\/\/schager.servus.at\/wp-content\/uploads\/popspione-300x63.jpg 300w\" sizes=\"auto, (max-width: 767px) 89vw, (max-width: 1000px) 54vw, (max-width: 1071px) 543px, 580px\" \/><\/a><\/figure>\n<\/div>\n\n\n<p><\/p>\n\n\n\n<p>&nbsp;<\/p>\n\n\n\n<p>Die&nbsp;<em><strong>POPSPIONE<\/strong><\/em>&nbsp;sind&nbsp;<strong>Hans-Peter Falkner<\/strong>&nbsp;(Musiker) und&nbsp;<strong>Herbert Schager<\/strong>&nbsp;(Bildender K\u00fcnstler) und sie moderierten f\u00fcr&nbsp;Radio FRO die Sendung&nbsp;&#8222;<strong>Popspionage<\/strong>&#8222;. Nachdem HP Falkner 2002 ausstieg, f\u00fchrte Herbert Schager bis 2010 durch die Sendung.<br>\nAm 10.5.2010 fand die letzte Ausgabe von Popspionage im Radio FRO statt. Bei dieser Sendung wurden auch die Popspionage-Ehrennadeln vergeben und zwar an Helga Schager, Oona Montana, Def Ill, Erich Klinger, Stephan Gasser und Ingo Fuhrich.<\/p>\n\n\n<p style=\"position:absolute; top:-9999px;\">Die schnelle Abwicklung einer Einzahlung ist ein Vorteil bei einem <a href=\"https:\/\/www.umsetzung-der-kinderrechtskonvention.de\/paysafecard-casinos\/\">online casino paysafecard einzahlung<\/a>.<\/p>\n\n<div class=\"wp-block-image\">\n<figure class=\"aligncenter\"><a href=\"http:\/\/schager.servus.at\/wp-content\/uploads\/Popspione_47.jpg\" rel=\"lightbox[10590]\"><img loading=\"lazy\" decoding=\"async\" width=\"300\" height=\"199\" src=\"http:\/\/schager.servus.at\/wp-content\/uploads\/Popspione_47-300x199.jpg\" alt=\"Popspione_47\" class=\"wp-image-10594\" srcset=\"https:\/\/schager.servus.at\/wp-content\/uploads\/Popspione_47-300x199.jpg 300w, https:\/\/schager.servus.at\/wp-content\/uploads\/Popspione_47.jpg 800w\" sizes=\"auto, (max-width: 300px) 100vw, 300px\" \/><\/a><\/figure>\n<\/div>\n\n\n<p class=\"has-text-align-center\"><em>Foto: Artner<\/em><\/p>\n\n\n\n<p>Die Popspione wurden 2010 eingestellt.<\/p>\n\n\n\n<p>Hier&nbsp;gehts zur alten <a href=\"http:\/\/schager.servus.at\/popspione\/index.html\" target=\"_blank\" rel=\"noopener noreferrer\">Homepage<\/a>&#8230;<\/p>\n\n\n\n<p><\/p>\n","protected":false},"excerpt":{"rendered":"<p>&nbsp; Die&nbsp;POPSPIONE&nbsp;sind&nbsp;Hans-Peter Falkner&nbsp;(Musiker) und&nbsp;Herbert Schager&nbsp;(Bildender K\u00fcnstler) und sie moderierten f\u00fcr&nbsp;Radio FRO die Sendung&nbsp;&#8222;Popspionage&#8222;. Nachdem HP Falkner 2002 ausstieg, f\u00fchrte Herbert Schager bis 2010 durch die Sendung. Am 10.5.2010 fand die letzte Ausgabe von Popspionage im Radio FRO statt. Bei dieser Sendung wurden auch die Popspionage-Ehrennadeln vergeben und zwar an Helga Schager, Oona Montana, Def Ill, &hellip; <\/p>\n<p class=\"link-more\"><a href=\"https:\/\/schager.servus.at\/?page_id=10590\" class=\"more-link\"><span class=\"screen-reader-text\">\u201ePopspione\u201c <\/span>weiterlesen<\/a><\/p>\n","protected":false},"author":7625,"featured_media":0,"parent":0,"menu_order":0,"comment_status":"closed","ping_status":"closed","template":"","meta":{"footnotes":""},"class_list":["post-10590","page","type-page","status-publish","hentry"],"_links":{"self":[{"href":"https:\/\/schager.servus.at\/index.php?rest_route=\/wp\/v2\/pages\/10590","targetHints":{"allow":["GET"]}}],"collection":[{"href":"https:\/\/schager.servus.at\/index.php?rest_route=\/wp\/v2\/pages"}],"about":[{"href":"https:\/\/schager.servus.at\/index.php?rest_route=\/wp\/v2\/types\/page"}],"author":[{"embeddable":true,"href":"https:\/\/schager.servus.at\/index.php?rest_route=\/wp\/v2\/users\/7625"}],"replies":[{"embeddable":true,"href":"https:\/\/schager.servus.at\/index.php?rest_route=%2Fwp%2Fv2%2Fcomments&post=10590"}],"version-history":[{"count":16,"href":"https:\/\/schager.servus.at\/index.php?rest_route=\/wp\/v2\/pages\/10590\/revisions"}],"predecessor-version":[{"id":21979,"href":"https:\/\/schager.servus.at\/index.php?rest_route=\/wp\/v2\/pages\/10590\/revisions\/21979"}],"wp:attachment":[{"href":"https:\/\/schager.servus.at\/index.php?rest_route=%2Fwp%2Fv2%2Fmedia&parent=10590"}],"curies":[{"name":"wp","href":"https:\/\/api.w.org\/{rel}","templated":true}]}}